{"id":49,"date":"2019-05-17T18:51:23","date_gmt":"2019-05-17T18:51:23","guid":{"rendered":"http:\/\/betreuungen-passau.de\/?page_id=49"},"modified":"2022-10-22T09:50:43","modified_gmt":"2022-10-22T09:50:43","slug":"impressum","status":"publish","type":"page","link":"https:\/\/betreuungen-passau.de\/?page_id=49","title":{"rendered":"Impressum"},"content":{"rendered":"\n<p>Verantwortlicher f\u00fcr diese Seite:<\/p>\n\n\n\n<p>Hanns Stefanowicz<\/p>\n\n\n\n<p>G\u00e4rtnerstra\u00dfe 3<\/p>\n\n\n\n<p>94127 Neuburg\/Inn<\/p>\n\n\n\n<p>0171 &#8211; 30 50 153<\/p>\n\n\n\n<p>hanns.stefanowicz@gmx.de<\/p>\n","protected":false},"excerpt":{"rendered":"<p>Verantwortlicher f\u00fcr diese Seite: Hanns Stefanowicz G\u00e4rtnerstra\u00dfe 3 94127 Neuburg\/Inn 0171 &#8211; 30 50 153 hanns.stefanowicz@gmx.de<\/p>\n<p> <a class=\"continue-reading-link\" href=\"https:\/\/betreuungen-passau.de\/?page_id=49\"><span>Continue reading<\/span><i class=\"crycon-right-dir\"><\/i><\/a> <\/p>\n","protected":false},"author":1,"featured_media":0,"parent":0,"menu_order":0,"comment_status":"closed","ping_status":"closed","template":"","meta":{"footnotes":""},"class_list":["post-49","page","type-page","status-publish","hentry"],"yoast_head":"<!-- This site is optimized with the Yoast SEO plugin v27.3 - https:\/\/yoast.com\/product\/yoast-seo-wordpress\/ -->\n<title>Impressum - Betreuungen in Passau Stadt und Landkreis<\/title>\n<meta name=\"robots\" content=\"index, follow, max-snippet:-1, max-image-preview:large, max-video-preview:-1\" \/>\n<link rel=\"canonical\" href=\"https:\/\/betreuungen-passau.de\/?page_id=49\" \/>\n<meta property=\"og:locale\" content=\"de_DE\" \/>\n<meta property=\"og:type\" content=\"article\" \/>\n<meta property=\"og:title\" content=\"Impressum - Betreuungen in Passau Stadt und Landkreis\" \/>\n<meta property=\"og:description\" content=\"Verantwortlicher f\u00fcr diese Seite: Hanns Stefanowicz G\u00e4rtnerstra\u00dfe 3 94127 Neuburg\/Inn 0171 &#8211; 30 50 153 hanns.stefanowicz@gmx.de Continue reading\" \/>\n<meta property=\"og:url\" content=\"https:\/\/betreuungen-passau.de\/?page_id=49\" \/>\n<meta property=\"og:site_name\" content=\"Betreuungen in Passau Stadt und Landkreis\" \/>\n<meta property=\"article:modified_time\" content=\"2022-10-22T09:50:43+00:00\" \/>\n<meta name=\"twitter:card\" content=\"summary_large_image\" \/>\n<meta name=\"twitter:label1\" content=\"Gesch\u00e4tzte Lesezeit\" \/>\n\t<meta name=\"twitter:data1\" content=\"1\u00a0Minute\" \/>\n<script type=\"application\/ld+json\" class=\"yoast-schema-graph\">{\"@context\":\"https:\\\/\\\/schema.org\",\"@graph\":[{\"@type\":\"WebPage\",\"@id\":\"https:\\\/\\\/betreuungen-passau.de\\\/?page_id=49\",\"url\":\"https:\\\/\\\/betreuungen-passau.de\\\/?page_id=49\",\"name\":\"Impressum - Betreuungen in Passau Stadt und Landkreis\",\"isPartOf\":{\"@id\":\"https:\\\/\\\/betreuungen-passau.de\\\/#website\"},\"datePublished\":\"2019-05-17T18:51:23+00:00\",\"dateModified\":\"2022-10-22T09:50:43+00:00\",\"breadcrumb\":{\"@id\":\"https:\\\/\\\/betreuungen-passau.de\\\/?page_id=49#breadcrumb\"},\"inLanguage\":\"de\",\"potentialAction\":[{\"@type\":\"ReadAction\",\"target\":[\"https:\\\/\\\/betreuungen-passau.de\\\/?page_id=49\"]}]},{\"@type\":\"BreadcrumbList\",\"@id\":\"https:\\\/\\\/betreuungen-passau.de\\\/?page_id=49#breadcrumb\",\"itemListElement\":[{\"@type\":\"ListItem\",\"position\":1,\"name\":\"Startseite\",\"item\":\"https:\\\/\\\/betreuungen-passau.de\\\/\"},{\"@type\":\"ListItem\",\"position\":2,\"name\":\"Impressum\"}]},{\"@type\":\"WebSite\",\"@id\":\"https:\\\/\\\/betreuungen-passau.de\\\/#website\",\"url\":\"https:\\\/\\\/betreuungen-passau.de\\\/\",\"name\":\"Betreuungen in Passau Stadt und Landkreis\",\"description\":\"\",\"potentialAction\":[{\"@type\":\"SearchAction\",\"target\":{\"@type\":\"EntryPoint\",\"urlTemplate\":\"https:\\\/\\\/betreuungen-passau.de\\\/?s={search_term_string}\"},\"query-input\":{\"@type\":\"PropertyValueSpecification\",\"valueRequired\":true,\"valueName\":\"search_term_string\"}}],\"inLanguage\":\"de\"}]}<\/script>\n<!-- \/ Yoast SEO plugin. -->","yoast_head_json":{"title":"Impressum - Betreuungen in Passau Stadt und Landkreis","robots":{"index":"index","follow":"follow","max-snippet":"max-snippet:-1","max-image-preview":"max-image-preview:large","max-video-preview":"max-video-preview:-1"},"canonical":"https:\/\/betreuungen-passau.de\/?page_id=49","og_locale":"de_DE","og_type":"article","og_title":"Impressum - Betreuungen in Passau Stadt und Landkreis","og_description":"Verantwortlicher f\u00fcr diese Seite: Hanns Stefanowicz G\u00e4rtnerstra\u00dfe 3 94127 Neuburg\/Inn 0171 &#8211; 30 50 153 hanns.stefanowicz@gmx.de Continue reading","og_url":"https:\/\/betreuungen-passau.de\/?page_id=49","og_site_name":"Betreuungen in Passau Stadt und Landkreis","article_modified_time":"2022-10-22T09:50:43+00:00","twitter_card":"summary_large_image","twitter_misc":{"Gesch\u00e4tzte Lesezeit":"1\u00a0Minute"},"schema":{"@context":"https:\/\/schema.org","@graph":[{"@type":"WebPage","@id":"https:\/\/betreuungen-passau.de\/?page_id=49","url":"https:\/\/betreuungen-passau.de\/?page_id=49","name":"Impressum - Betreuungen in Passau Stadt und Landkreis","isPartOf":{"@id":"https:\/\/betreuungen-passau.de\/#website"},"datePublished":"2019-05-17T18:51:23+00:00","dateModified":"2022-10-22T09:50:43+00:00","breadcrumb":{"@id":"https:\/\/betreuungen-passau.de\/?page_id=49#breadcrumb"},"inLanguage":"de","potentialAction":[{"@type":"ReadAction","target":["https:\/\/betreuungen-passau.de\/?page_id=49"]}]},{"@type":"BreadcrumbList","@id":"https:\/\/betreuungen-passau.de\/?page_id=49#breadcrumb","itemListElement":[{"@type":"ListItem","position":1,"name":"Startseite","item":"https:\/\/betreuungen-passau.de\/"},{"@type":"ListItem","position":2,"name":"Impressum"}]},{"@type":"WebSite","@id":"https:\/\/betreuungen-passau.de\/#website","url":"https:\/\/betreuungen-passau.de\/","name":"Betreuungen in Passau Stadt und Landkreis","description":"","potentialAction":[{"@type":"SearchAction","target":{"@type":"EntryPoint","urlTemplate":"https:\/\/betreuungen-passau.de\/?s={search_term_string}"},"query-input":{"@type":"PropertyValueSpecification","valueRequired":true,"valueName":"search_term_string"}}],"inLanguage":"de"}]}},"_links":{"self":[{"href":"https:\/\/betreuungen-passau.de\/index.php?rest_route=\/wp\/v2\/pages\/49","targetHints":{"allow":["GET"]}}],"collection":[{"href":"https:\/\/betreuungen-passau.de\/index.php?rest_route=\/wp\/v2\/pages"}],"about":[{"href":"https:\/\/betreuungen-passau.de\/index.php?rest_route=\/wp\/v2\/types\/page"}],"author":[{"embeddable":true,"href":"https:\/\/betreuungen-passau.de\/index.php?rest_route=\/wp\/v2\/users\/1"}],"replies":[{"embeddable":true,"href":"https:\/\/betreuungen-passau.de\/index.php?rest_route=%2Fwp%2Fv2%2Fcomments&post=49"}],"version-history":[{"count":3,"href":"https:\/\/betreuungen-passau.de\/index.php?rest_route=\/wp\/v2\/pages\/49\/revisions"}],"predecessor-version":[{"id":87,"href":"https:\/\/betreuungen-passau.de\/index.php?rest_route=\/wp\/v2\/pages\/49\/revisions\/87"}],"wp:attachment":[{"href":"https:\/\/betreuungen-passau.de\/index.php?rest_route=%2Fwp%2Fv2%2Fmedia&parent=49"}],"curies":[{"name":"wp","href":"https:\/\/api.w.org\/{rel}","templated":true}]}}